{"id":721,"date":"2023-07-30T08:59:35","date_gmt":"2023-07-30T06:59:35","guid":{"rendered":"https:\/\/www.7sisproduccions.cat\/mashup-party-band\/"},"modified":"2026-02-03T14:12:05","modified_gmt":"2026-02-03T12:12:05","slug":"mashup-party-band","status":"publish","type":"page","link":"https:\/\/www.7sisproduccions.cat\/es\/mashup-party-band\/","title":{"rendered":"MashUp Party Band"},"content":{"rendered":"<p><div class=\"fusion-fullwidth fullwidth-box fusion-builder-row-1 fusion-flex-container has-pattern-background has-mask-background fusion-parallax-none nonhundred-percent-fullwidth non-hundred-percent-height-scrolling\" style=\"--link_hover_color: var(--awb-color5);--link_color: var(--awb-color5);--awb-background-position:center top;--awb-background-blend-mode:multiply;--awb-border-color:var(--awb-color1);--awb-border-radius-top-left:0px;--awb-border-radius-top-right:0px;--awb-border-radius-bottom-right:0px;--awb-border-radius-bottom-left:0px;--awb-padding-top:300px;--awb-padding-bottom:160px;--awb-padding-top-small:70px;--awb-padding-right-small:40px;--awb-padding-bottom-small:70px;--awb-padding-left-small:40px;--awb-margin-bottom-medium:0px;--awb-background-color:rgba(255,255,255,0);--awb-background-image:url(&quot;https:\/\/www.7sisproduccions.cat\/wp-content\/uploads\/2026\/02\/MashupParty-Band-FOTO-1-1-scaled.jpg&quot;);--awb-background-size:cover;--awb-flex-wrap:wrap;\" ><div class=\"fusion-builder-row fusion-row fusion-flex-align-items-flex-end fusion-flex-justify-content-center fusion-flex-content-wrap\" style=\"max-width:1248px;margin-left: calc(-4% \/ 2 );margin-right: calc(-4% \/ 2 );\"><div class=\"fusion-layout-column fusion_builder_column fusion-builder-column-0 fusion_builder_column_1_1 1_1 fusion-flex-column\" style=\"--awb-bg-size:cover;--awb-width-large:100%;--awb-margin-top-large:0px;--awb-spacing-right-large:1.92%;--awb-margin-bottom-large:20px;--awb-spacing-left-large:1.92%;--awb-width-medium:100%;--awb-order-medium:0;--awb-spacing-right-medium:1.92%;--awb-spacing-left-medium:1.92%;--awb-width-small:100%;--awb-order-small:0;--awb-spacing-right-small:1.92%;--awb-spacing-left-small:1.92%;\"><div class=\"fusion-column-wrapper fusion-column-has-shadow fusion-flex-justify-content-flex-start fusion-content-layout-column\"><\/div><\/div><\/div><\/div><div class=\"fusion-fullwidth fullwidth-box fusion-builder-row-2 fusion-flex-container has-pattern-background has-mask-background nonhundred-percent-fullwidth non-hundred-percent-height-scrolling\" style=\"--link_hover_color: var(--awb-color5);--link_color: var(--awb-color5);--awb-background-position:center top;--awb-background-blend-mode:multiply;--awb-border-color:var(--awb-color1);--awb-border-radius-top-left:0px;--awb-border-radius-top-right:0px;--awb-border-radius-bottom-right:0px;--awb-border-radius-bottom-left:0px;--awb-padding-top:30px px;--awb-padding-bottom:30px px;--awb-padding-top-medium:30px px;--awb-padding-bottom-medium:30px px;--awb-padding-top-small:30px px;--awb-padding-bottom-small:30px px;--awb-margin-bottom-medium:0px;--awb-background-color:#2b2b2b;--awb-flex-wrap:wrap;\" ><div class=\"fusion-builder-row fusion-row fusion-flex-align-items-flex-end fusion-flex-content-wrap\" style=\"max-width:1248px;margin-left: calc(-4% \/ 2 );margin-right: calc(-4% \/ 2 );\"><div class=\"fusion-layout-column fusion_builder_column fusion-builder-column-1 fusion_builder_column_2_3 2_3 fusion-flex-column fusion-flex-align-self-center\" style=\"--awb-padding-bottom-medium:0px;--awb-bg-color:rgba(255,255,255,0);--awb-bg-color-hover:rgba(255,255,255,0);--awb-bg-size:cover;--awb-width-large:66.666666666667%;--awb-margin-top-large:0px;--awb-spacing-right-large:2.88%;--awb-margin-bottom-large:30px px;--awb-spacing-left-large:4.32%;--awb-width-medium:100%;--awb-order-medium:0;--awb-spacing-right-medium:1.92%;--awb-spacing-left-medium:2.88%;--awb-width-small:100%;--awb-order-small:0;--awb-spacing-right-small:1.92%;--awb-spacing-left-small:2.88%;\" data-motion-effects=\"[{&quot;type&quot;:&quot;&quot;,&quot;scroll_type&quot;:&quot;transition&quot;,&quot;scroll_direction&quot;:&quot;up&quot;,&quot;transition_speed&quot;:&quot;1&quot;,&quot;fade_type&quot;:&quot;in&quot;,&quot;scale_type&quot;:&quot;up&quot;,&quot;initial_scale&quot;:&quot;1&quot;,&quot;max_scale&quot;:&quot;1.5&quot;,&quot;min_scale&quot;:&quot;0.5&quot;,&quot;initial_rotate&quot;:&quot;0&quot;,&quot;end_rotate&quot;:&quot;30&quot;,&quot;initial_blur&quot;:&quot;0&quot;,&quot;end_blur&quot;:&quot;3&quot;,&quot;start_element&quot;:&quot;top&quot;,&quot;start_viewport&quot;:&quot;bottom&quot;,&quot;end_element&quot;:&quot;bottom&quot;,&quot;end_viewport&quot;:&quot;top&quot;,&quot;mouse_effect&quot;:&quot;track&quot;,&quot;mouse_effect_direction&quot;:&quot;opposite&quot;,&quot;mouse_effect_speed&quot;:&quot;2&quot;,&quot;infinite_animation&quot;:&quot;float&quot;,&quot;infinite_animation_speed&quot;:&quot;2&quot;}]\" data-scroll-devices=\"small-visibility,medium-visibility,large-visibility\"><div class=\"fusion-column-wrapper fusion-column-has-shadow fusion-flex-justify-content-flex-end fusion-content-layout-column\"><div class=\"fusion-title title fusion-title-1 fusion-sep-none fusion-title-text fusion-title-size-two\" style=\"--awb-text-color:#ffffff;\"><h2 class=\"fusion-title-heading title-heading-left\" style=\"margin:0;\">MashUp Party Band<\/h2><\/div><\/div><\/div><\/div><\/div><div class=\"fusion-fullwidth fullwidth-box fusion-builder-row-3 fusion-flex-container has-pattern-background has-mask-background nonhundred-percent-fullwidth non-hundred-percent-height-scrolling\" style=\"--link_hover_color: var(--awb-color5);--link_color: var(--awb-color5);--awb-background-position:center top;--awb-background-blend-mode:multiply;--awb-border-color:var(--awb-color1);--awb-border-radius-top-left:0px;--awb-border-radius-top-right:0px;--awb-border-radius-bottom-right:0px;--awb-border-radius-bottom-left:0px;--awb-padding-top:30px px;--awb-padding-bottom:30px px;--awb-padding-top-small:30px px;--awb-padding-bottom-small:30px px;--awb-margin-bottom-medium:0px;--awb-background-color:#a72b31;--awb-flex-wrap:wrap;\" ><div class=\"fusion-builder-row fusion-row fusion-flex-align-items-flex-end fusion-flex-content-wrap\" style=\"max-width:1248px;margin-left: calc(-4% \/ 2 );margin-right: calc(-4% \/ 2 );\"><div class=\"fusion-layout-column fusion_builder_column fusion-builder-column-2 fusion_builder_column_2_3 2_3 fusion-flex-column fusion-flex-align-self-center\" style=\"--awb-padding-bottom-medium:0px;--awb-bg-color:rgba(255,255,255,0);--awb-bg-color-hover:rgba(255,255,255,0);--awb-bg-size:cover;--awb-width-large:66.666666666667%;--awb-margin-top-large:0px;--awb-spacing-right-large:2.88%;--awb-margin-bottom-large:30px px;--awb-spacing-left-large:4.32%;--awb-width-medium:100%;--awb-order-medium:0;--awb-spacing-right-medium:1.92%;--awb-spacing-left-medium:2.88%;--awb-width-small:100%;--awb-order-small:0;--awb-spacing-right-small:1.92%;--awb-spacing-left-small:2.88%;\" data-motion-effects=\"[{&quot;type&quot;:&quot;&quot;,&quot;scroll_type&quot;:&quot;transition&quot;,&quot;scroll_direction&quot;:&quot;up&quot;,&quot;transition_speed&quot;:&quot;1&quot;,&quot;fade_type&quot;:&quot;in&quot;,&quot;scale_type&quot;:&quot;up&quot;,&quot;initial_scale&quot;:&quot;1&quot;,&quot;max_scale&quot;:&quot;1.5&quot;,&quot;min_scale&quot;:&quot;0.5&quot;,&quot;initial_rotate&quot;:&quot;0&quot;,&quot;end_rotate&quot;:&quot;30&quot;,&quot;initial_blur&quot;:&quot;0&quot;,&quot;end_blur&quot;:&quot;3&quot;,&quot;start_element&quot;:&quot;top&quot;,&quot;start_viewport&quot;:&quot;bottom&quot;,&quot;end_element&quot;:&quot;bottom&quot;,&quot;end_viewport&quot;:&quot;top&quot;,&quot;mouse_effect&quot;:&quot;track&quot;,&quot;mouse_effect_direction&quot;:&quot;opposite&quot;,&quot;mouse_effect_speed&quot;:&quot;2&quot;,&quot;infinite_animation&quot;:&quot;float&quot;,&quot;infinite_animation_speed&quot;:&quot;2&quot;}]\" data-scroll-devices=\"small-visibility,medium-visibility,large-visibility\"><div class=\"fusion-column-wrapper fusion-column-has-shadow fusion-flex-justify-content-flex-end fusion-content-layout-column\"><div class=\"fusion-title title fusion-title-2 fusion-sep-none fusion-title-text fusion-title-size-four\" style=\"--awb-text-color:#ffffff;\"><h4 class=\"fusion-title-heading title-heading-left\" style=\"margin:0;\">VERSIONES MASH-UP<\/h4><\/div><\/div><\/div><\/div><\/div><div class=\"fusion-fullwidth fullwidth-box fusion-builder-row-4 fusion-flex-container has-pattern-background has-mask-background nonhundred-percent-fullwidth non-hundred-percent-height-scrolling\" style=\"--awb-border-radius-top-left:0px;--awb-border-radius-top-right:0px;--awb-border-radius-bottom-right:0px;--awb-border-radius-bottom-left:0px;--awb-flex-wrap:wrap;\" ><div class=\"fusion-builder-row fusion-row fusion-flex-align-items-flex-start fusion-flex-content-wrap\" style=\"max-width:1248px;margin-left: calc(-4% \/ 2 );margin-right: calc(-4% \/ 2 );\"><div class=\"fusion-layout-column fusion_builder_column fusion-builder-column-3 fusion_builder_column_2_3 2_3 fusion-flex-column\" style=\"--awb-bg-size:cover;--awb-width-large:66.666666666667%;--awb-margin-top-large:5%;--awb-spacing-right-large:2.88%;--awb-margin-bottom-large:20px;--awb-spacing-left-large:2.88%;--awb-width-medium:66.666666666667%;--awb-order-medium:0;--awb-spacing-right-medium:2.88%;--awb-spacing-left-medium:2.88%;--awb-width-small:100%;--awb-order-small:0;--awb-spacing-right-small:1.92%;--awb-spacing-left-small:1.92%;\" data-motion-effects=\"[{&quot;type&quot;:&quot;&quot;,&quot;scroll_type&quot;:&quot;transition&quot;,&quot;scroll_direction&quot;:&quot;up&quot;,&quot;transition_speed&quot;:&quot;1&quot;,&quot;fade_type&quot;:&quot;in&quot;,&quot;scale_type&quot;:&quot;up&quot;,&quot;initial_scale&quot;:&quot;1&quot;,&quot;max_scale&quot;:&quot;1.5&quot;,&quot;min_scale&quot;:&quot;0.5&quot;,&quot;initial_rotate&quot;:&quot;0&quot;,&quot;end_rotate&quot;:&quot;30&quot;,&quot;initial_blur&quot;:&quot;0&quot;,&quot;end_blur&quot;:&quot;3&quot;,&quot;start_element&quot;:&quot;top&quot;,&quot;start_viewport&quot;:&quot;bottom&quot;,&quot;end_element&quot;:&quot;bottom&quot;,&quot;end_viewport&quot;:&quot;top&quot;,&quot;mouse_effect&quot;:&quot;track&quot;,&quot;mouse_effect_direction&quot;:&quot;opposite&quot;,&quot;mouse_effect_speed&quot;:&quot;2&quot;,&quot;infinite_animation&quot;:&quot;float&quot;,&quot;infinite_animation_speed&quot;:&quot;2&quot;}]\" data-scroll-devices=\"small-visibility,medium-visibility,large-visibility\"><div class=\"fusion-column-wrapper fusion-column-has-shadow fusion-flex-justify-content-flex-start fusion-content-layout-column\"><div class=\"fusion-text fusion-text-1\"><p>\u00bfPor qu\u00e9 bailar una sola canci\u00f3n, cu\u00e1ndo puedes hacerlo con tres a la vez? Aunque parezca imposible, la Mashup Party Band lo hace posible gracias a sus versiones mashup, c\u00f3cteles musicales que consisten en tomar las mejores partes de canciones archiconocidas y combinarlas para crear una canci\u00f3n nueva, divertida y sorprendente en riguroso directo.<\/p>\n<p>La Mashup Party Band ha actuado en multitud de ciudades y pueblos del territorio catal\u00e1n donde ha puesto de manifiesto que aporta un soplo de aire fresco al panorama de las bandas de versiones en Catalu\u00f1a. Un concierto divertido, original, alegre, para redescubrir y revisar nuestra m\u00fasica, que engancha y sorprende a p\u00fablico, programadores y comisiones de fiestas.<\/p>\n<p>Opcionalmente, el directo explosivo de Mashup Party Band puede llegar a las 5 horas de m\u00fasica con el mejor fin de fiesta: una sesi\u00f3n en vivo del Dj. Surda.<\/p>\n<\/div><div class=\"fusion-video fusion-youtube\" style=\"--awb-max-width:600px;--awb-max-height:360px;\"><div class=\"video-shortcode\"><div class=\"fluid-width-video-wrapper\" style=\"padding-top:60%;\" ><iframe title=\"YouTube video player 1\" src=\"https:\/\/www.youtube.com\/embed\/JwelF7b6fqk?wmode=transparent&autoplay=0\" width=\"600\" height=\"360\" allowfullscreen allow=\"autoplay; fullscreen\"><\/iframe><\/div><\/div><\/div><\/div><\/div><div class=\"fusion-layout-column fusion_builder_column fusion-builder-column-4 fusion_builder_column_1_3 1_3 fusion-flex-column\" style=\"--awb-bg-color:#efefef;--awb-bg-color-hover:#efefef;--awb-bg-size:cover;--awb-width-large:33.333333333333%;--awb-margin-top-large:5%;--awb-spacing-right-large:5.76%;--awb-margin-bottom-large:20px;--awb-spacing-left-large:5.76%;--awb-width-medium:33.333333333333%;--awb-order-medium:0;--awb-spacing-right-medium:5.76%;--awb-spacing-left-medium:5.76%;--awb-width-small:100%;--awb-order-small:0;--awb-spacing-right-small:1.92%;--awb-spacing-left-small:1.92%;\" data-motion-effects=\"[{&quot;type&quot;:&quot;&quot;,&quot;scroll_type&quot;:&quot;transition&quot;,&quot;scroll_direction&quot;:&quot;up&quot;,&quot;transition_speed&quot;:&quot;1&quot;,&quot;fade_type&quot;:&quot;in&quot;,&quot;scale_type&quot;:&quot;up&quot;,&quot;initial_scale&quot;:&quot;1&quot;,&quot;max_scale&quot;:&quot;1.5&quot;,&quot;min_scale&quot;:&quot;0.5&quot;,&quot;initial_rotate&quot;:&quot;0&quot;,&quot;end_rotate&quot;:&quot;30&quot;,&quot;initial_blur&quot;:&quot;0&quot;,&quot;end_blur&quot;:&quot;3&quot;,&quot;start_element&quot;:&quot;top&quot;,&quot;start_viewport&quot;:&quot;bottom&quot;,&quot;end_element&quot;:&quot;bottom&quot;,&quot;end_viewport&quot;:&quot;top&quot;,&quot;mouse_effect&quot;:&quot;track&quot;,&quot;mouse_effect_direction&quot;:&quot;opposite&quot;,&quot;mouse_effect_speed&quot;:&quot;2&quot;,&quot;infinite_animation&quot;:&quot;float&quot;,&quot;infinite_animation_speed&quot;:&quot;2&quot;}]\" data-scroll-devices=\"small-visibility,medium-visibility,large-visibility\"><div class=\"fusion-column-wrapper fusion-column-has-shadow fusion-flex-justify-content-flex-start fusion-content-layout-column\"><div class=\"fusion-image-element \" style=\"text-align:center;--awb-caption-title-font-family:var(--h2_typography-font-family);--awb-caption-title-font-weight:var(--h2_typography-font-weight);--awb-caption-title-font-style:var(--h2_typography-font-style);--awb-caption-title-size:var(--h2_typography-font-size);--awb-caption-title-transform:var(--h2_typography-text-transform);--awb-caption-title-line-height:var(--h2_typography-line-height);--awb-caption-title-letter-spacing:var(--h2_typography-letter-spacing);\"><span class=\" fusion-imageframe imageframe-none imageframe-1 hover-type-none\"><img decoding=\"async\" width=\"300\" height=\"300\" title=\"logo_mashup\" src=\"https:\/\/www.7sisproduccions.cat\/wp-content\/uploads\/2023\/07\/logo_mashup.png\" alt class=\"img-responsive wp-image-649\" srcset=\"https:\/\/www.7sisproduccions.cat\/wp-content\/uploads\/2023\/07\/logo_mashup-200x200.png 200w, https:\/\/www.7sisproduccions.cat\/wp-content\/uploads\/2023\/07\/logo_mashup.png 300w\" sizes=\"(max-width: 640px) 100vw, 300px\" \/><\/span><\/div><div class=\"fusion-text fusion-text-2\" style=\"--awb-margin-top:5%;--awb-margin-left:5%;\"><p><strong>Voz<\/strong><br \/>\nArnau Olmos<\/p>\n<p><strong>Bateria<\/strong><br \/>\nDavid H. Puche<\/p>\n<p><strong>Bajo<\/strong><br \/>\nEnric Verdaguer<\/p>\n<p><strong>Guitarra<\/strong><br \/>\nJordi Font<\/p>\n<p><b>Teclado<\/b><br \/>\nAriel H. C\u00f3rsico<\/p>\n<\/div><div class=\"fusion-separator fusion-full-width-sep\" style=\"align-self: center;margin-left: auto;margin-right: auto;margin-top:10px;margin-bottom:10px;width:100%;\"><\/div><div class=\"fusion-title title fusion-title-3 fusion-sep-none fusion-title-text fusion-title-size-five\" style=\"--awb-margin-left:5%;--awb-margin-left-small:5%;--awb-margin-left-medium:5%;\"><h5 class=\"fusion-title-heading title-heading-left\" style=\"margin:0;\">Links<\/h5><\/div>\n<div class=\"table-1\">\n<table width=\"100%\">\n<thead>\n<tr>\n<th align=\"left\"><a href=\"https:\/\/www.instagram.com\/mashuppartyband\/\" target=\"_blank\" rel=\"noopener\"><img decoding=\"async\" class=\"alignnone size-full wp-image-223 aligncenter\" src=\"https:\/\/www.7sisproduccions.cat\/wp-content\/uploads\/2023\/07\/instagram50.png\" alt=\"\" width=\"50\" height=\"50\"><\/a><\/th>\n<th style=\"text-align: center;\" align=\"left\"><a href=\"http:\/\/www.mashupparty.com\/\" target=\"_blank\" rel=\"noopener\"><img decoding=\"async\" class=\"alignnone size-full wp-image-219\" src=\"https:\/\/www.7sisproduccions.cat\/wp-content\/uploads\/2023\/07\/browser50.png\" alt=\"\" width=\"50\" height=\"50\"><\/a><\/th>\n<th style=\"text-align: center;\" align=\"left\"><a href=\"https:\/\/www.facebook.com\/mashuppartyband\" target=\"_blank\" rel=\"noopener\"><img decoding=\"async\" class=\"alignnone size-full wp-image-220\" src=\"https:\/\/www.7sisproduccions.cat\/wp-content\/uploads\/2023\/07\/facebook50.png\" alt=\"\" width=\"50\" height=\"50\"><\/a><\/th>\n<\/tr>\n<\/thead>\n<\/table>\n<\/div>\n<\/div><\/div><\/div><\/div><\/p>\n","protected":false},"excerpt":{"rendered":"","protected":false},"author":1,"featured_media":0,"parent":0,"menu_order":0,"comment_status":"closed","ping_status":"closed","template":"100-width.php","meta":{"footnotes":""},"yoast_head":"<!-- This site is optimized with the Yoast SEO plugin v22.0 - https:\/\/yoast.com\/wordpress\/plugins\/seo\/ -->\n<title>MashUp Party Band | 7sis Produccions<\/title>\n<meta name=\"robots\" content=\"index, follow, max-snippet:-1, max-image-preview:large, max-video-preview:-1\" \/>\n<link rel=\"canonical\" href=\"https:\/\/www.7sisproduccions.cat\/es\/mashup-party-band\/\" \/>\n<meta property=\"og:locale\" content=\"es_ES\" \/>\n<meta property=\"og:type\" content=\"article\" \/>\n<meta property=\"og:title\" content=\"MashUp Party Band | 7sis Produccions\" \/>\n<meta property=\"og:url\" content=\"https:\/\/www.7sisproduccions.cat\/es\/mashup-party-band\/\" \/>\n<meta property=\"og:site_name\" content=\"7sis Produccions\" \/>\n<meta property=\"article:publisher\" content=\"https:\/\/www.facebook.com\/7Sisproduccions\/\" \/>\n<meta property=\"article:modified_time\" content=\"2026-02-03T12:12:05+00:00\" \/>\n<meta property=\"og:image\" content=\"https:\/\/www.7sisproduccions.cat\/wp-content\/uploads\/2023\/07\/instagram50.png\" \/>\n<meta name=\"twitter:card\" content=\"summary_large_image\" \/>\n<meta name=\"twitter:site\" content=\"@7sisproduccions\" \/>\n<meta name=\"twitter:label1\" content=\"Tiempo de lectura\" \/>\n\t<meta name=\"twitter:data1\" content=\"2 minutos\" \/>\n<script type=\"application\/ld+json\" class=\"yoast-schema-graph\">{\"@context\":\"https:\/\/schema.org\",\"@graph\":[{\"@type\":\"WebPage\",\"@id\":\"https:\/\/www.7sisproduccions.cat\/es\/mashup-party-band\/\",\"url\":\"https:\/\/www.7sisproduccions.cat\/es\/mashup-party-band\/\",\"name\":\"MashUp Party Band | 7sis Produccions\",\"isPartOf\":{\"@id\":\"https:\/\/www.7sisproduccions.cat\/es\/#website\"},\"datePublished\":\"2023-07-30T06:59:35+00:00\",\"dateModified\":\"2026-02-03T12:12:05+00:00\",\"breadcrumb\":{\"@id\":\"https:\/\/www.7sisproduccions.cat\/es\/mashup-party-band\/#breadcrumb\"},\"inLanguage\":\"es\",\"potentialAction\":[{\"@type\":\"ReadAction\",\"target\":[\"https:\/\/www.7sisproduccions.cat\/es\/mashup-party-band\/\"]}]},{\"@type\":\"BreadcrumbList\",\"@id\":\"https:\/\/www.7sisproduccions.cat\/es\/mashup-party-band\/#breadcrumb\",\"itemListElement\":[{\"@type\":\"ListItem\",\"position\":1,\"name\":\"Inici\",\"item\":\"https:\/\/www.7sisproduccions.cat\/es\/\"},{\"@type\":\"ListItem\",\"position\":2,\"name\":\"MashUp Party Band\"}]},{\"@type\":\"WebSite\",\"@id\":\"https:\/\/www.7sisproduccions.cat\/es\/#website\",\"url\":\"https:\/\/www.7sisproduccions.cat\/es\/\",\"name\":\"7sis Produccions\",\"description\":\"La m\u00fasica per la gent\",\"publisher\":{\"@id\":\"https:\/\/www.7sisproduccions.cat\/es\/#organization\"},\"alternateName\":\"7sis\",\"potentialAction\":[{\"@type\":\"SearchAction\",\"target\":{\"@type\":\"EntryPoint\",\"urlTemplate\":\"https:\/\/www.7sisproduccions.cat\/es\/?s={search_term_string}\"},\"query-input\":\"required name=search_term_string\"}],\"inLanguage\":\"es\"},{\"@type\":\"Organization\",\"@id\":\"https:\/\/www.7sisproduccions.cat\/es\/#organization\",\"name\":\"7sis Produccions\",\"url\":\"https:\/\/www.7sisproduccions.cat\/es\/\",\"logo\":{\"@type\":\"ImageObject\",\"inLanguage\":\"es\",\"@id\":\"https:\/\/www.7sisproduccions.cat\/es\/#\/schema\/logo\/image\/\",\"url\":\"https:\/\/www.7sisproduccions.cat\/wp-content\/uploads\/2024\/05\/LOGO-7SIS-01-COLOR-transparencia.png\",\"contentUrl\":\"https:\/\/www.7sisproduccions.cat\/wp-content\/uploads\/2024\/05\/LOGO-7SIS-01-COLOR-transparencia.png\",\"width\":2000,\"height\":2000,\"caption\":\"7sis Produccions\"},\"image\":{\"@id\":\"https:\/\/www.7sisproduccions.cat\/es\/#\/schema\/logo\/image\/\"},\"sameAs\":[\"https:\/\/www.facebook.com\/7Sisproduccions\/\",\"https:\/\/twitter.com\/7sisproduccions\",\"https:\/\/www.instagram.com\/7sisprod\"]}]}<\/script>\n<!-- \/ Yoast SEO plugin. -->","yoast_head_json":{"title":"MashUp Party Band | 7sis Produccions","robots":{"index":"index","follow":"follow","max-snippet":"max-snippet:-1","max-image-preview":"max-image-preview:large","max-video-preview":"max-video-preview:-1"},"canonical":"https:\/\/www.7sisproduccions.cat\/es\/mashup-party-band\/","og_locale":"es_ES","og_type":"article","og_title":"MashUp Party Band | 7sis Produccions","og_url":"https:\/\/www.7sisproduccions.cat\/es\/mashup-party-band\/","og_site_name":"7sis Produccions","article_publisher":"https:\/\/www.facebook.com\/7Sisproduccions\/","article_modified_time":"2026-02-03T12:12:05+00:00","og_image":[{"url":"https:\/\/www.7sisproduccions.cat\/wp-content\/uploads\/2023\/07\/instagram50.png"}],"twitter_card":"summary_large_image","twitter_site":"@7sisproduccions","twitter_misc":{"Tiempo de lectura":"2 minutos"},"schema":{"@context":"https:\/\/schema.org","@graph":[{"@type":"WebPage","@id":"https:\/\/www.7sisproduccions.cat\/es\/mashup-party-band\/","url":"https:\/\/www.7sisproduccions.cat\/es\/mashup-party-band\/","name":"MashUp Party Band | 7sis Produccions","isPartOf":{"@id":"https:\/\/www.7sisproduccions.cat\/es\/#website"},"datePublished":"2023-07-30T06:59:35+00:00","dateModified":"2026-02-03T12:12:05+00:00","breadcrumb":{"@id":"https:\/\/www.7sisproduccions.cat\/es\/mashup-party-band\/#breadcrumb"},"inLanguage":"es","potentialAction":[{"@type":"ReadAction","target":["https:\/\/www.7sisproduccions.cat\/es\/mashup-party-band\/"]}]},{"@type":"BreadcrumbList","@id":"https:\/\/www.7sisproduccions.cat\/es\/mashup-party-band\/#breadcrumb","itemListElement":[{"@type":"ListItem","position":1,"name":"Inici","item":"https:\/\/www.7sisproduccions.cat\/es\/"},{"@type":"ListItem","position":2,"name":"MashUp Party Band"}]},{"@type":"WebSite","@id":"https:\/\/www.7sisproduccions.cat\/es\/#website","url":"https:\/\/www.7sisproduccions.cat\/es\/","name":"7sis Produccions","description":"La m\u00fasica per la gent","publisher":{"@id":"https:\/\/www.7sisproduccions.cat\/es\/#organization"},"alternateName":"7sis","potentialAction":[{"@type":"SearchAction","target":{"@type":"EntryPoint","urlTemplate":"https:\/\/www.7sisproduccions.cat\/es\/?s={search_term_string}"},"query-input":"required name=search_term_string"}],"inLanguage":"es"},{"@type":"Organization","@id":"https:\/\/www.7sisproduccions.cat\/es\/#organization","name":"7sis Produccions","url":"https:\/\/www.7sisproduccions.cat\/es\/","logo":{"@type":"ImageObject","inLanguage":"es","@id":"https:\/\/www.7sisproduccions.cat\/es\/#\/schema\/logo\/image\/","url":"https:\/\/www.7sisproduccions.cat\/wp-content\/uploads\/2024\/05\/LOGO-7SIS-01-COLOR-transparencia.png","contentUrl":"https:\/\/www.7sisproduccions.cat\/wp-content\/uploads\/2024\/05\/LOGO-7SIS-01-COLOR-transparencia.png","width":2000,"height":2000,"caption":"7sis Produccions"},"image":{"@id":"https:\/\/www.7sisproduccions.cat\/es\/#\/schema\/logo\/image\/"},"sameAs":["https:\/\/www.facebook.com\/7Sisproduccions\/","https:\/\/twitter.com\/7sisproduccions","https:\/\/www.instagram.com\/7sisprod"]}]}},"_links":{"self":[{"href":"https:\/\/www.7sisproduccions.cat\/es\/wp-json\/wp\/v2\/pages\/721"}],"collection":[{"href":"https:\/\/www.7sisproduccions.cat\/es\/wp-json\/wp\/v2\/pages"}],"about":[{"href":"https:\/\/www.7sisproduccions.cat\/es\/wp-json\/wp\/v2\/types\/page"}],"author":[{"embeddable":true,"href":"https:\/\/www.7sisproduccions.cat\/es\/wp-json\/wp\/v2\/users\/1"}],"replies":[{"embeddable":true,"href":"https:\/\/www.7sisproduccions.cat\/es\/wp-json\/wp\/v2\/comments?post=721"}],"version-history":[{"count":4,"href":"https:\/\/www.7sisproduccions.cat\/es\/wp-json\/wp\/v2\/pages\/721\/revisions"}],"predecessor-version":[{"id":1556,"href":"https:\/\/www.7sisproduccions.cat\/es\/wp-json\/wp\/v2\/pages\/721\/revisions\/1556"}],"wp:attachment":[{"href":"https:\/\/www.7sisproduccions.cat\/es\/wp-json\/wp\/v2\/media?parent=721"}],"curies":[{"name":"wp","href":"https:\/\/api.w.org\/{rel}","templated":true}]}}