{"id":705,"date":"2023-07-27T16:16:02","date_gmt":"2023-07-27T14:16:02","guid":{"rendered":"https:\/\/www.7sisproduccions.cat\/germa-negre\/"},"modified":"2025-12-11T13:45:37","modified_gmt":"2025-12-11T11:45:37","slug":"germa-negre","status":"publish","type":"page","link":"https:\/\/www.7sisproduccions.cat\/es\/germa-negre\/","title":{"rendered":"Germ\u00e0 Negre"},"content":{"rendered":"<p><div class=\"fusion-fullwidth fullwidth-box fusion-builder-row-1 fusion-flex-container has-pattern-background has-mask-background fusion-parallax-none nonhundred-percent-fullwidth non-hundred-percent-height-scrolling\" style=\"--link_hover_color: var(--awb-color5);--link_color: var(--awb-color5);--awb-background-position:center top;--awb-background-blend-mode:multiply;--awb-border-color:var(--awb-color1);--awb-border-radius-top-left:0px;--awb-border-radius-top-right:0px;--awb-border-radius-bottom-right:0px;--awb-border-radius-bottom-left:0px;--awb-padding-top:300px;--awb-padding-bottom:160px;--awb-padding-top-small:70px;--awb-padding-right-small:40px;--awb-padding-bottom-small:70px;--awb-padding-left-small:40px;--awb-margin-bottom-medium:0px;--awb-background-image:url(&quot;https:\/\/www.7sisproduccions.cat\/wp-content\/uploads\/2024\/11\/GN-1-scaled-e1732871986162.jpg&quot;);--awb-background-size:cover;--awb-flex-wrap:wrap;\" ><div class=\"fusion-builder-row fusion-row fusion-flex-align-items-flex-end fusion-flex-justify-content-center fusion-flex-content-wrap\" style=\"max-width:1248px;margin-left: calc(-4% \/ 2 );margin-right: calc(-4% \/ 2 );\"><div class=\"fusion-layout-column fusion_builder_column fusion-builder-column-0 fusion_builder_column_1_1 1_1 fusion-flex-column\" style=\"--awb-bg-size:cover;--awb-width-large:100%;--awb-margin-top-large:0px;--awb-spacing-right-large:1.92%;--awb-margin-bottom-large:20px;--awb-spacing-left-large:1.92%;--awb-width-medium:100%;--awb-order-medium:0;--awb-spacing-right-medium:1.92%;--awb-spacing-left-medium:1.92%;--awb-width-small:100%;--awb-order-small:0;--awb-spacing-right-small:1.92%;--awb-spacing-left-small:1.92%;\"><div class=\"fusion-column-wrapper fusion-column-has-shadow fusion-flex-justify-content-flex-start fusion-content-layout-column\"><\/div><\/div><\/div><\/div><div class=\"fusion-fullwidth fullwidth-box fusion-builder-row-2 fusion-flex-container has-pattern-background has-mask-background nonhundred-percent-fullwidth non-hundred-percent-height-scrolling\" style=\"--link_hover_color: var(--awb-color5);--link_color: var(--awb-color5);--awb-background-position:center top;--awb-background-blend-mode:multiply;--awb-border-color:var(--awb-color1);--awb-border-radius-top-left:0px;--awb-border-radius-top-right:0px;--awb-border-radius-bottom-right:0px;--awb-border-radius-bottom-left:0px;--awb-padding-top:30px px;--awb-padding-bottom:30px px;--awb-padding-top-medium:30px px;--awb-padding-bottom-medium:30px px;--awb-padding-top-small:30px px;--awb-padding-bottom-small:30px px;--awb-margin-bottom-medium:0px;--awb-background-color:#2b2b2b;--awb-flex-wrap:wrap;\" ><div class=\"fusion-builder-row fusion-row fusion-flex-align-items-flex-end fusion-flex-content-wrap\" style=\"max-width:1248px;margin-left: calc(-4% \/ 2 );margin-right: calc(-4% \/ 2 );\"><div class=\"fusion-layout-column fusion_builder_column fusion-builder-column-1 fusion_builder_column_2_3 2_3 fusion-flex-column fusion-flex-align-self-center\" style=\"--awb-padding-bottom-medium:0px;--awb-bg-color:rgba(255,255,255,0);--awb-bg-color-hover:rgba(255,255,255,0);--awb-bg-size:cover;--awb-width-large:66.666666666667%;--awb-margin-top-large:0px;--awb-spacing-right-large:2.88%;--awb-margin-bottom-large:30px px;--awb-spacing-left-large:4.32%;--awb-width-medium:100%;--awb-order-medium:0;--awb-spacing-right-medium:1.92%;--awb-spacing-left-medium:2.88%;--awb-width-small:100%;--awb-order-small:0;--awb-spacing-right-small:1.92%;--awb-spacing-left-small:2.88%;\" data-motion-effects=\"[{&quot;type&quot;:&quot;&quot;,&quot;scroll_type&quot;:&quot;transition&quot;,&quot;scroll_direction&quot;:&quot;up&quot;,&quot;transition_speed&quot;:&quot;1&quot;,&quot;fade_type&quot;:&quot;in&quot;,&quot;scale_type&quot;:&quot;up&quot;,&quot;initial_scale&quot;:&quot;1&quot;,&quot;max_scale&quot;:&quot;1.5&quot;,&quot;min_scale&quot;:&quot;0.5&quot;,&quot;initial_rotate&quot;:&quot;0&quot;,&quot;end_rotate&quot;:&quot;30&quot;,&quot;initial_blur&quot;:&quot;0&quot;,&quot;end_blur&quot;:&quot;3&quot;,&quot;start_element&quot;:&quot;top&quot;,&quot;start_viewport&quot;:&quot;bottom&quot;,&quot;end_element&quot;:&quot;bottom&quot;,&quot;end_viewport&quot;:&quot;top&quot;,&quot;mouse_effect&quot;:&quot;track&quot;,&quot;mouse_effect_direction&quot;:&quot;opposite&quot;,&quot;mouse_effect_speed&quot;:&quot;2&quot;,&quot;infinite_animation&quot;:&quot;float&quot;,&quot;infinite_animation_speed&quot;:&quot;2&quot;}]\" data-scroll-devices=\"small-visibility,medium-visibility,large-visibility\"><div class=\"fusion-column-wrapper fusion-column-has-shadow fusion-flex-justify-content-flex-end fusion-content-layout-column\"><div class=\"fusion-title title fusion-title-1 fusion-sep-none fusion-title-text fusion-title-size-two\" style=\"--awb-text-color:#ffffff;\"><h2 class=\"fusion-title-heading title-heading-left\" style=\"margin:0;\">Germ\u00e0 Negre<\/h2><\/div><\/div><\/div><\/div><\/div><div class=\"fusion-fullwidth fullwidth-box fusion-builder-row-3 fusion-flex-container has-pattern-background has-mask-background nonhundred-percent-fullwidth non-hundred-percent-height-scrolling\" style=\"--link_hover_color: var(--awb-color5);--link_color: var(--awb-color5);--awb-background-position:center top;--awb-background-blend-mode:multiply;--awb-border-color:var(--awb-color1);--awb-border-radius-top-left:0px;--awb-border-radius-top-right:0px;--awb-border-radius-bottom-right:0px;--awb-border-radius-bottom-left:0px;--awb-padding-top:30px px;--awb-padding-bottom:30px px;--awb-padding-top-small:30px px;--awb-padding-bottom-small:30px px;--awb-margin-bottom-medium:0px;--awb-background-color:#a72b31;--awb-flex-wrap:wrap;\" ><div class=\"fusion-builder-row fusion-row fusion-flex-align-items-flex-end fusion-flex-content-wrap\" style=\"max-width:1248px;margin-left: calc(-4% \/ 2 );margin-right: calc(-4% \/ 2 );\"><div class=\"fusion-layout-column fusion_builder_column fusion-builder-column-2 fusion_builder_column_2_3 2_3 fusion-flex-column fusion-flex-align-self-center\" style=\"--awb-padding-bottom-medium:0px;--awb-bg-color:rgba(255,255,255,0);--awb-bg-color-hover:rgba(255,255,255,0);--awb-bg-size:cover;--awb-width-large:66.666666666667%;--awb-margin-top-large:0px;--awb-spacing-right-large:2.88%;--awb-margin-bottom-large:30px px;--awb-spacing-left-large:4.32%;--awb-width-medium:100%;--awb-order-medium:0;--awb-spacing-right-medium:1.92%;--awb-spacing-left-medium:2.88%;--awb-width-small:100%;--awb-order-small:0;--awb-spacing-right-small:1.92%;--awb-spacing-left-small:2.88%;\" data-motion-effects=\"[{&quot;type&quot;:&quot;&quot;,&quot;scroll_type&quot;:&quot;transition&quot;,&quot;scroll_direction&quot;:&quot;up&quot;,&quot;transition_speed&quot;:&quot;1&quot;,&quot;fade_type&quot;:&quot;in&quot;,&quot;scale_type&quot;:&quot;up&quot;,&quot;initial_scale&quot;:&quot;1&quot;,&quot;max_scale&quot;:&quot;1.5&quot;,&quot;min_scale&quot;:&quot;0.5&quot;,&quot;initial_rotate&quot;:&quot;0&quot;,&quot;end_rotate&quot;:&quot;30&quot;,&quot;initial_blur&quot;:&quot;0&quot;,&quot;end_blur&quot;:&quot;3&quot;,&quot;start_element&quot;:&quot;top&quot;,&quot;start_viewport&quot;:&quot;bottom&quot;,&quot;end_element&quot;:&quot;bottom&quot;,&quot;end_viewport&quot;:&quot;top&quot;,&quot;mouse_effect&quot;:&quot;track&quot;,&quot;mouse_effect_direction&quot;:&quot;opposite&quot;,&quot;mouse_effect_speed&quot;:&quot;2&quot;,&quot;infinite_animation&quot;:&quot;float&quot;,&quot;infinite_animation_speed&quot;:&quot;2&quot;}]\" data-scroll-devices=\"small-visibility,medium-visibility,large-visibility\"><div class=\"fusion-column-wrapper fusion-column-has-shadow fusion-flex-justify-content-flex-end fusion-content-layout-column\"><div class=\"fusion-title title fusion-title-2 fusion-sep-none fusion-title-text fusion-title-size-four\" style=\"--awb-text-color:#ffffff;\"><h4 class=\"fusion-title-heading title-heading-left\" style=\"margin:0;\">Folk<\/h4><\/div><\/div><\/div><\/div><\/div><div class=\"fusion-fullwidth fullwidth-box fusion-builder-row-4 fusion-flex-container has-pattern-background has-mask-background nonhundred-percent-fullwidth non-hundred-percent-height-scrolling\" style=\"--awb-border-radius-top-left:0px;--awb-border-radius-top-right:0px;--awb-border-radius-bottom-right:0px;--awb-border-radius-bottom-left:0px;--awb-flex-wrap:wrap;\" ><div class=\"fusion-builder-row fusion-row fusion-flex-align-items-flex-start fusion-flex-content-wrap\" style=\"max-width:1248px;margin-left: calc(-4% \/ 2 );margin-right: calc(-4% \/ 2 );\"><div class=\"fusion-layout-column fusion_builder_column fusion-builder-column-3 fusion_builder_column_2_3 2_3 fusion-flex-column\" style=\"--awb-bg-size:cover;--awb-width-large:66.666666666667%;--awb-margin-top-large:5%;--awb-spacing-right-large:2.88%;--awb-margin-bottom-large:20px;--awb-spacing-left-large:2.88%;--awb-width-medium:66.666666666667%;--awb-order-medium:0;--awb-spacing-right-medium:2.88%;--awb-spacing-left-medium:2.88%;--awb-width-small:100%;--awb-order-small:0;--awb-spacing-right-small:1.92%;--awb-spacing-left-small:1.92%;\" data-motion-effects=\"[{&quot;type&quot;:&quot;&quot;,&quot;scroll_type&quot;:&quot;transition&quot;,&quot;scroll_direction&quot;:&quot;up&quot;,&quot;transition_speed&quot;:&quot;1&quot;,&quot;fade_type&quot;:&quot;in&quot;,&quot;scale_type&quot;:&quot;up&quot;,&quot;initial_scale&quot;:&quot;1&quot;,&quot;max_scale&quot;:&quot;1.5&quot;,&quot;min_scale&quot;:&quot;0.5&quot;,&quot;initial_rotate&quot;:&quot;0&quot;,&quot;end_rotate&quot;:&quot;30&quot;,&quot;initial_blur&quot;:&quot;0&quot;,&quot;end_blur&quot;:&quot;3&quot;,&quot;start_element&quot;:&quot;top&quot;,&quot;start_viewport&quot;:&quot;bottom&quot;,&quot;end_element&quot;:&quot;bottom&quot;,&quot;end_viewport&quot;:&quot;top&quot;,&quot;mouse_effect&quot;:&quot;track&quot;,&quot;mouse_effect_direction&quot;:&quot;opposite&quot;,&quot;mouse_effect_speed&quot;:&quot;2&quot;,&quot;infinite_animation&quot;:&quot;float&quot;,&quot;infinite_animation_speed&quot;:&quot;2&quot;}]\" data-scroll-devices=\"small-visibility,medium-visibility,large-visibility\"><div class=\"fusion-column-wrapper fusion-column-has-shadow fusion-flex-justify-content-flex-start fusion-content-layout-column\"><div class=\"fusion-text fusion-text-1\"><p>En 2012 en Banyoles nace el grupo Germ\u00e0 Negre con la intenci\u00f3n de llenar de bailes y canciones populares las fiestas de todo el pa\u00eds. El proyecto se caracteriza por tomarse la vida y la m\u00fasica con una saludable iron\u00eda, haciendo uso de ese repertorio m\u00e1s rasgado y con claras puntas irreverentes que forman parte del mapa sonoro de los pa\u00edses catalanes. Siempre con el \u00e1nimo de contar historias mediante la m\u00fasica, en el repertorio tambi\u00e9n podemos encontrar ingredientes que apelan a la reivindicaci\u00f3n social y pol\u00edtica.<\/p>\n<p>Despu\u00e9s de una gira Europea que ha recorrido escenarios de Eslovenia, B\u00e9lgica, Croacia, Portugal, Italia y muchos m\u00e1s, este 2026 Germ\u00e0 Negre subir\u00e1 a los escenarios de fiestas mayores de Catalu\u00f1a para presentar su nuevo trabajo: \u00abPUJA AQU\u00cd DALT I BALLA\u00bb. Germ\u00e0 Negre aprovecha esta famosa expresi\u00f3n con doble sentido, y con cierta socarroner\u00eda, para dar t\u00edtulo a su \u00faltimo trabajo discogr\u00e1fico. \u00abPuja aqu\u00ed dalt i balla\u00bb incluye ocho canciones con la intenci\u00f3n de revisar y complementar el cancionero popular y de tradici\u00f3n oral. Con una sonoridad marcada por una instrumentaci\u00f3n basada en la tradici\u00f3n, en este trabajo el grupo ha introducido algunas texturas nuevas mediante sintetizadores, pero tambi\u00e9n sobrevolando un abanico bastante diverso de estilos musicales, lo que da a este nuevo trabajo un car\u00e1cter ecl\u00e9ctico.<\/p>\n<\/div><\/div><\/div><div class=\"fusion-layout-column fusion_builder_column fusion-builder-column-4 fusion_builder_column_1_3 1_3 fusion-flex-column\" style=\"--awb-bg-color:#efefef;--awb-bg-color-hover:#efefef;--awb-bg-size:cover;--awb-width-large:33.333333333333%;--awb-margin-top-large:5%;--awb-spacing-right-large:5.76%;--awb-margin-bottom-large:20px;--awb-spacing-left-large:5.76%;--awb-width-medium:33.333333333333%;--awb-order-medium:0;--awb-spacing-right-medium:5.76%;--awb-spacing-left-medium:5.76%;--awb-width-small:100%;--awb-order-small:0;--awb-spacing-right-small:1.92%;--awb-spacing-left-small:1.92%;\" data-motion-effects=\"[{&quot;type&quot;:&quot;&quot;,&quot;scroll_type&quot;:&quot;transition&quot;,&quot;scroll_direction&quot;:&quot;up&quot;,&quot;transition_speed&quot;:&quot;1&quot;,&quot;fade_type&quot;:&quot;in&quot;,&quot;scale_type&quot;:&quot;up&quot;,&quot;initial_scale&quot;:&quot;1&quot;,&quot;max_scale&quot;:&quot;1.5&quot;,&quot;min_scale&quot;:&quot;0.5&quot;,&quot;initial_rotate&quot;:&quot;0&quot;,&quot;end_rotate&quot;:&quot;30&quot;,&quot;initial_blur&quot;:&quot;0&quot;,&quot;end_blur&quot;:&quot;3&quot;,&quot;start_element&quot;:&quot;top&quot;,&quot;start_viewport&quot;:&quot;bottom&quot;,&quot;end_element&quot;:&quot;bottom&quot;,&quot;end_viewport&quot;:&quot;top&quot;,&quot;mouse_effect&quot;:&quot;track&quot;,&quot;mouse_effect_direction&quot;:&quot;opposite&quot;,&quot;mouse_effect_speed&quot;:&quot;2&quot;,&quot;infinite_animation&quot;:&quot;float&quot;,&quot;infinite_animation_speed&quot;:&quot;2&quot;}]\" data-scroll-devices=\"small-visibility,medium-visibility,large-visibility\"><div class=\"fusion-column-wrapper fusion-column-has-shadow fusion-flex-justify-content-flex-start fusion-content-layout-column\"><div class=\"fusion-image-element \" style=\"text-align:center;--awb-caption-title-font-family:var(--h2_typography-font-family);--awb-caption-title-font-weight:var(--h2_typography-font-weight);--awb-caption-title-font-style:var(--h2_typography-font-style);--awb-caption-title-size:var(--h2_typography-font-size);--awb-caption-title-transform:var(--h2_typography-text-transform);--awb-caption-title-line-height:var(--h2_typography-line-height);--awb-caption-title-letter-spacing:var(--h2_typography-letter-spacing);\"><span class=\" fusion-imageframe imageframe-none imageframe-1 hover-type-none\"><img decoding=\"async\" width=\"300\" height=\"334\" title=\"germa_negre_logo\" src=\"https:\/\/www.7sisproduccions.cat\/wp-content\/uploads\/2023\/07\/germa_negre_logo.png\" alt class=\"img-responsive wp-image-631\" srcset=\"https:\/\/www.7sisproduccions.cat\/wp-content\/uploads\/2023\/07\/germa_negre_logo-200x223.png 200w, https:\/\/www.7sisproduccions.cat\/wp-content\/uploads\/2023\/07\/germa_negre_logo.png 300w\" sizes=\"(max-width: 640px) 100vw, 300px\" \/><\/span><\/div><div class=\"fusion-text fusion-text-2\" style=\"--awb-margin-top:5%;--awb-margin-left:5%;\"><p><strong>Bateria<\/strong><br \/>\nAdri\u00e0 Mateos<\/p>\n<p><strong>Bajo<\/strong><br \/>\nAleix Pag\u00e8s<\/p>\n<p><strong>Voz, guitarra y acorde\u00f3n<\/strong><br \/>\nAdri\u00e0 Dilm\u00e9<\/p>\n<p><strong>Viol\u00edn<\/strong><br \/>\nAdria Estarriola<\/p>\n<p><strong>Tenora y Saxo<\/strong><br \/>\nFerran Roura<\/p>\n<p><strong>Guitarra y coros<\/strong><br \/>\nDavid Mauricio<\/p>\n<p><strong>Percussi\u00f3n<\/strong><br \/>\nMarc Vall<\/p>\n<\/div><div class=\"fusion-separator fusion-full-width-sep\" style=\"align-self: center;margin-left: auto;margin-right: auto;margin-top:10px;margin-bottom:10px;width:100%;\"><\/div><div class=\"fusion-title title fusion-title-3 fusion-sep-none fusion-title-text fusion-title-size-five\" style=\"--awb-margin-left:5%;--awb-margin-left-small:5%;--awb-margin-left-medium:5%;\"><h5 class=\"fusion-title-heading title-heading-left\" style=\"margin:0;\">Links<\/h5><\/div>\n<div class=\"table-1\">\n<table width=\"100%\">\n<thead>\n<tr>\n<th align=\"left\"><a href=\"https:\/\/open.spotify.com\/artist\/2s1zTYYloQG8guSeqneAzL?autoplay=true\" target=\"_blank\" rel=\"noopener\"><img decoding=\"async\" class=\"alignnone size-full wp-image-218 aligncenter\" src=\"https:\/\/www.7sisproduccions.cat\/wp-content\/uploads\/2023\/07\/spotify50.png\" alt=\"\" width=\"50\" height=\"50\" \/><\/a><\/th>\n<th style=\"text-align: center;\" align=\"left\"><a href=\"https:\/\/www.germanegre.cat\/\" target=\"_blank\" rel=\"noopener\"><img decoding=\"async\" class=\"alignnone size-full wp-image-219\" src=\"https:\/\/www.7sisproduccions.cat\/wp-content\/uploads\/2023\/07\/browser50.png\" alt=\"\" width=\"50\" height=\"50\" \/><\/a><\/th>\n<th style=\"text-align: center;\" align=\"left\"><a href=\"https:\/\/www.facebook.com\/GermaNegre\/\" target=\"_blank\" rel=\"noopener\"><img decoding=\"async\" class=\"alignnone size-full wp-image-220\" src=\"https:\/\/www.7sisproduccions.cat\/wp-content\/uploads\/2023\/07\/facebook50.png\" alt=\"\" width=\"50\" height=\"50\" \/><\/a><\/th>\n<\/tr>\n<\/thead>\n<tbody>\n<tr>\n<td align=\"left\"><a href=\"https:\/\/www.instagram.com\/germanegreband\/\" target=\"_blank\" rel=\"noopener\"><img decoding=\"async\" class=\"alignnone size-full wp-image-223 aligncenter\" src=\"https:\/\/www.7sisproduccions.cat\/wp-content\/uploads\/2023\/07\/instagram50.png\" alt=\"\" width=\"50\" height=\"50\" \/><\/a><\/td>\n<td style=\"text-align: center;\" align=\"left\"><a href=\"https:\/\/www.youtube.com\/channel\/UC_nlyjkIdPSWKkzbWK7Q-0w\" target=\"_blank\" rel=\"noopener\"><img decoding=\"async\" class=\"alignnone size-full wp-image-224\" src=\"https:\/\/www.7sisproduccions.cat\/wp-content\/uploads\/2023\/07\/youtube50.png\" alt=\"\" width=\"50\" height=\"50\" \/><\/a><\/td>\n<td style=\"text-align: center;\" align=\"left\"><a href=\"https:\/\/twitter.com\/germanegre\" target=\"_blank\" rel=\"noopener\"><img decoding=\"async\" class=\"alignnone size-full wp-image-221 aligncenter\" src=\"https:\/\/www.7sisproduccions.cat\/wp-content\/uploads\/2023\/07\/twitter50.png\" alt=\"\" width=\"50\" height=\"50\" \/><\/a><\/td>\n<\/tr>\n<\/tbody>\n<\/table>\n<\/div>\n<\/div><\/div><\/div><\/div><\/p>\n","protected":false},"excerpt":{"rendered":"","protected":false},"author":1,"featured_media":0,"parent":0,"menu_order":0,"comment_status":"closed","ping_status":"closed","template":"100-width.php","meta":{"footnotes":""},"yoast_head":"<!-- This site is optimized with the Yoast SEO plugin v22.0 - https:\/\/yoast.com\/wordpress\/plugins\/seo\/ -->\n<title>Germ\u00e0 Negre | 7sis Produccions<\/title>\n<meta name=\"robots\" content=\"index, follow, max-snippet:-1, max-image-preview:large, max-video-preview:-1\" \/>\n<link rel=\"canonical\" href=\"https:\/\/www.7sisproduccions.cat\/es\/germa-negre\/\" \/>\n<meta property=\"og:locale\" content=\"es_ES\" \/>\n<meta property=\"og:type\" content=\"article\" \/>\n<meta property=\"og:title\" content=\"Germ\u00e0 Negre | 7sis Produccions\" \/>\n<meta property=\"og:url\" content=\"https:\/\/www.7sisproduccions.cat\/es\/germa-negre\/\" \/>\n<meta property=\"og:site_name\" content=\"7sis Produccions\" \/>\n<meta property=\"article:publisher\" content=\"https:\/\/www.facebook.com\/7Sisproduccions\/\" \/>\n<meta property=\"article:modified_time\" content=\"2025-12-11T11:45:37+00:00\" \/>\n<meta property=\"og:image\" content=\"https:\/\/www.7sisproduccions.cat\/wp-content\/uploads\/2023\/07\/spotify50.png\" \/>\n<meta name=\"twitter:card\" content=\"summary_large_image\" \/>\n<meta name=\"twitter:site\" content=\"@7sisproduccions\" \/>\n<meta name=\"twitter:label1\" content=\"Tiempo de lectura\" \/>\n\t<meta name=\"twitter:data1\" content=\"3 minutos\" \/>\n<script type=\"application\/ld+json\" class=\"yoast-schema-graph\">{\"@context\":\"https:\/\/schema.org\",\"@graph\":[{\"@type\":\"WebPage\",\"@id\":\"https:\/\/www.7sisproduccions.cat\/es\/germa-negre\/\",\"url\":\"https:\/\/www.7sisproduccions.cat\/es\/germa-negre\/\",\"name\":\"Germ\u00e0 Negre | 7sis Produccions\",\"isPartOf\":{\"@id\":\"https:\/\/www.7sisproduccions.cat\/es\/#website\"},\"datePublished\":\"2023-07-27T14:16:02+00:00\",\"dateModified\":\"2025-12-11T11:45:37+00:00\",\"breadcrumb\":{\"@id\":\"https:\/\/www.7sisproduccions.cat\/es\/germa-negre\/#breadcrumb\"},\"inLanguage\":\"es\",\"potentialAction\":[{\"@type\":\"ReadAction\",\"target\":[\"https:\/\/www.7sisproduccions.cat\/es\/germa-negre\/\"]}]},{\"@type\":\"BreadcrumbList\",\"@id\":\"https:\/\/www.7sisproduccions.cat\/es\/germa-negre\/#breadcrumb\",\"itemListElement\":[{\"@type\":\"ListItem\",\"position\":1,\"name\":\"Inici\",\"item\":\"https:\/\/www.7sisproduccions.cat\/es\/\"},{\"@type\":\"ListItem\",\"position\":2,\"name\":\"Germ\u00e0 Negre\"}]},{\"@type\":\"WebSite\",\"@id\":\"https:\/\/www.7sisproduccions.cat\/es\/#website\",\"url\":\"https:\/\/www.7sisproduccions.cat\/es\/\",\"name\":\"7sis Produccions\",\"description\":\"La m\u00fasica per la gent\",\"publisher\":{\"@id\":\"https:\/\/www.7sisproduccions.cat\/es\/#organization\"},\"alternateName\":\"7sis\",\"potentialAction\":[{\"@type\":\"SearchAction\",\"target\":{\"@type\":\"EntryPoint\",\"urlTemplate\":\"https:\/\/www.7sisproduccions.cat\/es\/?s={search_term_string}\"},\"query-input\":\"required name=search_term_string\"}],\"inLanguage\":\"es\"},{\"@type\":\"Organization\",\"@id\":\"https:\/\/www.7sisproduccions.cat\/es\/#organization\",\"name\":\"7sis Produccions\",\"url\":\"https:\/\/www.7sisproduccions.cat\/es\/\",\"logo\":{\"@type\":\"ImageObject\",\"inLanguage\":\"es\",\"@id\":\"https:\/\/www.7sisproduccions.cat\/es\/#\/schema\/logo\/image\/\",\"url\":\"https:\/\/www.7sisproduccions.cat\/wp-content\/uploads\/2024\/05\/LOGO-7SIS-01-COLOR-transparencia.png\",\"contentUrl\":\"https:\/\/www.7sisproduccions.cat\/wp-content\/uploads\/2024\/05\/LOGO-7SIS-01-COLOR-transparencia.png\",\"width\":2000,\"height\":2000,\"caption\":\"7sis Produccions\"},\"image\":{\"@id\":\"https:\/\/www.7sisproduccions.cat\/es\/#\/schema\/logo\/image\/\"},\"sameAs\":[\"https:\/\/www.facebook.com\/7Sisproduccions\/\",\"https:\/\/twitter.com\/7sisproduccions\",\"https:\/\/www.instagram.com\/7sisprod\"]}]}<\/script>\n<!-- \/ Yoast SEO plugin. -->","yoast_head_json":{"title":"Germ\u00e0 Negre | 7sis Produccions","robots":{"index":"index","follow":"follow","max-snippet":"max-snippet:-1","max-image-preview":"max-image-preview:large","max-video-preview":"max-video-preview:-1"},"canonical":"https:\/\/www.7sisproduccions.cat\/es\/germa-negre\/","og_locale":"es_ES","og_type":"article","og_title":"Germ\u00e0 Negre | 7sis Produccions","og_url":"https:\/\/www.7sisproduccions.cat\/es\/germa-negre\/","og_site_name":"7sis Produccions","article_publisher":"https:\/\/www.facebook.com\/7Sisproduccions\/","article_modified_time":"2025-12-11T11:45:37+00:00","og_image":[{"url":"https:\/\/www.7sisproduccions.cat\/wp-content\/uploads\/2023\/07\/spotify50.png"}],"twitter_card":"summary_large_image","twitter_site":"@7sisproduccions","twitter_misc":{"Tiempo de lectura":"3 minutos"},"schema":{"@context":"https:\/\/schema.org","@graph":[{"@type":"WebPage","@id":"https:\/\/www.7sisproduccions.cat\/es\/germa-negre\/","url":"https:\/\/www.7sisproduccions.cat\/es\/germa-negre\/","name":"Germ\u00e0 Negre | 7sis Produccions","isPartOf":{"@id":"https:\/\/www.7sisproduccions.cat\/es\/#website"},"datePublished":"2023-07-27T14:16:02+00:00","dateModified":"2025-12-11T11:45:37+00:00","breadcrumb":{"@id":"https:\/\/www.7sisproduccions.cat\/es\/germa-negre\/#breadcrumb"},"inLanguage":"es","potentialAction":[{"@type":"ReadAction","target":["https:\/\/www.7sisproduccions.cat\/es\/germa-negre\/"]}]},{"@type":"BreadcrumbList","@id":"https:\/\/www.7sisproduccions.cat\/es\/germa-negre\/#breadcrumb","itemListElement":[{"@type":"ListItem","position":1,"name":"Inici","item":"https:\/\/www.7sisproduccions.cat\/es\/"},{"@type":"ListItem","position":2,"name":"Germ\u00e0 Negre"}]},{"@type":"WebSite","@id":"https:\/\/www.7sisproduccions.cat\/es\/#website","url":"https:\/\/www.7sisproduccions.cat\/es\/","name":"7sis Produccions","description":"La m\u00fasica per la gent","publisher":{"@id":"https:\/\/www.7sisproduccions.cat\/es\/#organization"},"alternateName":"7sis","potentialAction":[{"@type":"SearchAction","target":{"@type":"EntryPoint","urlTemplate":"https:\/\/www.7sisproduccions.cat\/es\/?s={search_term_string}"},"query-input":"required name=search_term_string"}],"inLanguage":"es"},{"@type":"Organization","@id":"https:\/\/www.7sisproduccions.cat\/es\/#organization","name":"7sis Produccions","url":"https:\/\/www.7sisproduccions.cat\/es\/","logo":{"@type":"ImageObject","inLanguage":"es","@id":"https:\/\/www.7sisproduccions.cat\/es\/#\/schema\/logo\/image\/","url":"https:\/\/www.7sisproduccions.cat\/wp-content\/uploads\/2024\/05\/LOGO-7SIS-01-COLOR-transparencia.png","contentUrl":"https:\/\/www.7sisproduccions.cat\/wp-content\/uploads\/2024\/05\/LOGO-7SIS-01-COLOR-transparencia.png","width":2000,"height":2000,"caption":"7sis Produccions"},"image":{"@id":"https:\/\/www.7sisproduccions.cat\/es\/#\/schema\/logo\/image\/"},"sameAs":["https:\/\/www.facebook.com\/7Sisproduccions\/","https:\/\/twitter.com\/7sisproduccions","https:\/\/www.instagram.com\/7sisprod"]}]}},"_links":{"self":[{"href":"https:\/\/www.7sisproduccions.cat\/es\/wp-json\/wp\/v2\/pages\/705"}],"collection":[{"href":"https:\/\/www.7sisproduccions.cat\/es\/wp-json\/wp\/v2\/pages"}],"about":[{"href":"https:\/\/www.7sisproduccions.cat\/es\/wp-json\/wp\/v2\/types\/page"}],"author":[{"embeddable":true,"href":"https:\/\/www.7sisproduccions.cat\/es\/wp-json\/wp\/v2\/users\/1"}],"replies":[{"embeddable":true,"href":"https:\/\/www.7sisproduccions.cat\/es\/wp-json\/wp\/v2\/comments?post=705"}],"version-history":[{"count":5,"href":"https:\/\/www.7sisproduccions.cat\/es\/wp-json\/wp\/v2\/pages\/705\/revisions"}],"predecessor-version":[{"id":1502,"href":"https:\/\/www.7sisproduccions.cat\/es\/wp-json\/wp\/v2\/pages\/705\/revisions\/1502"}],"wp:attachment":[{"href":"https:\/\/www.7sisproduccions.cat\/es\/wp-json\/wp\/v2\/media?parent=705"}],"curies":[{"name":"wp","href":"https:\/\/api.w.org\/{rel}","templated":true}]}}